{"id":10539,"date":"2021-01-26T10:45:14","date_gmt":"2021-01-26T10:45:14","guid":{"rendered":"https:\/\/kerrock.si\/staging\/ismerje-meg-a-kerrockot\/szinek-eloallitasa\/"},"modified":"2024-10-18T09:51:14","modified_gmt":"2024-10-18T07:51:14","slug":"szinek-eloallitasa","status":"publish","type":"page","link":"https:\/\/www.kerrock.hu\/staging\/ismerje-meg-a-kerrockot\/szinek-eloallitasa\/","title":{"rendered":"Sz\u00ednek el\u0151\u00e1ll\u00edt\u00e1sa"},"content":{"rendered":"","protected":false},"excerpt":{"rendered":"","protected":false},"author":5,"featured_media":80560,"parent":10271,"menu_order":5,"comment_status":"closed","ping_status":"closed","template":"page-explore.php","meta":{"_acf_changed":false,"inline_featured_image":false,"footnotes":""},"class_list":["post-10539","page","type-page","status-publish","has-post-thumbnail","hentry"],"acf":[],"yoast_head":"<!-- This site is optimized with the Yoast SEO plugin v26.9 - https:\/\/yoast.com\/product\/yoast-seo-wordpress\/ -->\n<title>Sz\u00ednek el\u0151\u00e1ll\u00edt\u00e1sa | Staging Kerock<\/title>\n<meta name=\"robots\" content=\"noindex, follow, max-snippet:-1, max-image-preview:large, max-video-preview:-1\" \/>\n<meta property=\"og:locale\" content=\"hu_HU\" \/>\n<meta property=\"og:type\" content=\"article\" \/>\n<meta property=\"og:title\" content=\"Sz\u00ednek el\u0151\u00e1ll\u00edt\u00e1sa | Staging Kerock\" \/>\n<meta property=\"og:url\" content=\"https:\/\/www.kerrock.hu\/staging\/ismerje-meg-a-kerrockot\/szinek-eloallitasa\/\" \/>\n<meta property=\"og:site_name\" content=\"Staging Kerock\" \/>\n<meta property=\"article:modified_time\" content=\"2024-10-18T07:51:14+00:00\" \/>\n<meta property=\"og:image\" content=\"https:\/\/www.kerrock.hu\/wp-content\/uploads\/2024\/04\/banner_1920x700px_5.jpg\" \/>\n\t<meta property=\"og:image:width\" content=\"1920\" \/>\n\t<meta property=\"og:image:height\" content=\"700\" \/>\n\t<meta property=\"og:image:type\" content=\"image\/jpeg\" \/>\n<meta name=\"twitter:card\" content=\"summary_large_image\" \/>\n<meta name=\"twitter:label1\" content=\"Becs\u00fclt olvas\u00e1si id\u0151\" \/>\n\t<meta name=\"twitter:data1\" content=\"4 perc\" \/>\n<script type=\"application\/ld+json\" class=\"yoast-schema-graph\">{\"@context\":\"https:\/\/schema.org\",\"@graph\":[{\"@type\":\"WebPage\",\"@id\":\"https:\/\/www.kerrock.hu\/staging\/ismerje-meg-a-kerrockot\/szinek-eloallitasa\/\",\"url\":\"https:\/\/www.kerrock.hu\/staging\/ismerje-meg-a-kerrockot\/szinek-eloallitasa\/\",\"name\":\"Sz\u00ednek el\u0151\u00e1ll\u00edt\u00e1sa | Staging Kerock\",\"isPartOf\":{\"@id\":\"https:\/\/www.kerrock.hu\/#website\"},\"primaryImageOfPage\":{\"@id\":\"https:\/\/www.kerrock.hu\/staging\/ismerje-meg-a-kerrockot\/szinek-eloallitasa\/#primaryimage\"},\"image\":{\"@id\":\"https:\/\/www.kerrock.hu\/staging\/ismerje-meg-a-kerrockot\/szinek-eloallitasa\/#primaryimage\"},\"thumbnailUrl\":\"https:\/\/www.kerrock.hu\/staging\/wp-content\/uploads\/2024\/04\/banner_1920x700px_5.jpg\",\"datePublished\":\"2021-01-26T10:45:14+00:00\",\"dateModified\":\"2024-10-18T07:51:14+00:00\",\"breadcrumb\":{\"@id\":\"https:\/\/www.kerrock.hu\/staging\/ismerje-meg-a-kerrockot\/szinek-eloallitasa\/#breadcrumb\"},\"inLanguage\":\"hu\",\"potentialAction\":[{\"@type\":\"ReadAction\",\"target\":[\"https:\/\/www.kerrock.hu\/staging\/ismerje-meg-a-kerrockot\/szinek-eloallitasa\/\"]}]},{\"@type\":\"ImageObject\",\"inLanguage\":\"hu\",\"@id\":\"https:\/\/www.kerrock.hu\/staging\/ismerje-meg-a-kerrockot\/szinek-eloallitasa\/#primaryimage\",\"url\":\"https:\/\/www.kerrock.hu\/staging\/wp-content\/uploads\/2024\/04\/banner_1920x700px_5.jpg\",\"contentUrl\":\"https:\/\/www.kerrock.hu\/staging\/wp-content\/uploads\/2024\/04\/banner_1920x700px_5.jpg\",\"width\":1920,\"height\":700},{\"@type\":\"BreadcrumbList\",\"@id\":\"https:\/\/www.kerrock.hu\/staging\/ismerje-meg-a-kerrockot\/szinek-eloallitasa\/#breadcrumb\",\"itemListElement\":[{\"@type\":\"ListItem\",\"position\":1,\"name\":\"Home\",\"item\":\"https:\/\/www.kerrock.hu\/\"},{\"@type\":\"ListItem\",\"position\":2,\"name\":\"Ismerje meg a kerrockot\",\"item\":\"https:\/\/www.kerrock.hu\/ismerje-meg-a-kerrockot\/\"},{\"@type\":\"ListItem\",\"position\":3,\"name\":\"Sz\u00ednek el\u0151\u00e1ll\u00edt\u00e1sa\"}]},{\"@type\":\"WebSite\",\"@id\":\"https:\/\/www.kerrock.hu\/#website\",\"url\":\"https:\/\/www.kerrock.hu\/\",\"name\":\"Staging Kerock\",\"description\":\"B\u00e1rmilyen \u00f6tlete lenne. Mi megval\u00f3s\u00edtjuk.\",\"publisher\":{\"@id\":\"https:\/\/www.kerrock.hu\/#organization\"},\"potentialAction\":[{\"@type\":\"SearchAction\",\"target\":{\"@type\":\"EntryPoint\",\"urlTemplate\":\"https:\/\/www.kerrock.hu\/?s={search_term_string}\"},\"query-input\":{\"@type\":\"PropertyValueSpecification\",\"valueRequired\":true,\"valueName\":\"search_term_string\"}}],\"inLanguage\":\"hu\"},{\"@type\":\"Organization\",\"@id\":\"https:\/\/www.kerrock.hu\/#organization\",\"name\":\"Kerrock\",\"url\":\"https:\/\/www.kerrock.hu\/\",\"logo\":{\"@type\":\"ImageObject\",\"inLanguage\":\"hu\",\"@id\":\"https:\/\/www.kerrock.hu\/#\/schema\/logo\/image\/\",\"url\":\"https:\/\/www.kerrock.hu\/staging\/wp-content\/uploads\/2021\/01\/facebook_share_image_1200x628_v2_20210106.jpg\",\"contentUrl\":\"https:\/\/www.kerrock.hu\/staging\/wp-content\/uploads\/2021\/01\/facebook_share_image_1200x628_v2_20210106.jpg\",\"width\":1200,\"height\":628,\"caption\":\"Kerrock\"},\"image\":{\"@id\":\"https:\/\/www.kerrock.hu\/#\/schema\/logo\/image\/\"}}]}<\/script>\n<!-- \/ Yoast SEO plugin. -->","yoast_head_json":{"title":"Sz\u00ednek el\u0151\u00e1ll\u00edt\u00e1sa | Staging Kerock","robots":{"index":"noindex","follow":"follow","max-snippet":"max-snippet:-1","max-image-preview":"max-image-preview:large","max-video-preview":"max-video-preview:-1"},"og_locale":"hu_HU","og_type":"article","og_title":"Sz\u00ednek el\u0151\u00e1ll\u00edt\u00e1sa | Staging Kerock","og_url":"https:\/\/www.kerrock.hu\/staging\/ismerje-meg-a-kerrockot\/szinek-eloallitasa\/","og_site_name":"Staging Kerock","article_modified_time":"2024-10-18T07:51:14+00:00","og_image":[{"width":1920,"height":700,"url":"https:\/\/www.kerrock.hu\/wp-content\/uploads\/2024\/04\/banner_1920x700px_5.jpg","type":"image\/jpeg"}],"twitter_card":"summary_large_image","twitter_misc":{"Becs\u00fclt olvas\u00e1si id\u0151":"4 perc"},"schema":{"@context":"https:\/\/schema.org","@graph":[{"@type":"WebPage","@id":"https:\/\/www.kerrock.hu\/staging\/ismerje-meg-a-kerrockot\/szinek-eloallitasa\/","url":"https:\/\/www.kerrock.hu\/staging\/ismerje-meg-a-kerrockot\/szinek-eloallitasa\/","name":"Sz\u00ednek el\u0151\u00e1ll\u00edt\u00e1sa | Staging Kerock","isPartOf":{"@id":"https:\/\/www.kerrock.hu\/#website"},"primaryImageOfPage":{"@id":"https:\/\/www.kerrock.hu\/staging\/ismerje-meg-a-kerrockot\/szinek-eloallitasa\/#primaryimage"},"image":{"@id":"https:\/\/www.kerrock.hu\/staging\/ismerje-meg-a-kerrockot\/szinek-eloallitasa\/#primaryimage"},"thumbnailUrl":"https:\/\/www.kerrock.hu\/staging\/wp-content\/uploads\/2024\/04\/banner_1920x700px_5.jpg","datePublished":"2021-01-26T10:45:14+00:00","dateModified":"2024-10-18T07:51:14+00:00","breadcrumb":{"@id":"https:\/\/www.kerrock.hu\/staging\/ismerje-meg-a-kerrockot\/szinek-eloallitasa\/#breadcrumb"},"inLanguage":"hu","potentialAction":[{"@type":"ReadAction","target":["https:\/\/www.kerrock.hu\/staging\/ismerje-meg-a-kerrockot\/szinek-eloallitasa\/"]}]},{"@type":"ImageObject","inLanguage":"hu","@id":"https:\/\/www.kerrock.hu\/staging\/ismerje-meg-a-kerrockot\/szinek-eloallitasa\/#primaryimage","url":"https:\/\/www.kerrock.hu\/staging\/wp-content\/uploads\/2024\/04\/banner_1920x700px_5.jpg","contentUrl":"https:\/\/www.kerrock.hu\/staging\/wp-content\/uploads\/2024\/04\/banner_1920x700px_5.jpg","width":1920,"height":700},{"@type":"BreadcrumbList","@id":"https:\/\/www.kerrock.hu\/staging\/ismerje-meg-a-kerrockot\/szinek-eloallitasa\/#breadcrumb","itemListElement":[{"@type":"ListItem","position":1,"name":"Home","item":"https:\/\/www.kerrock.hu\/"},{"@type":"ListItem","position":2,"name":"Ismerje meg a kerrockot","item":"https:\/\/www.kerrock.hu\/ismerje-meg-a-kerrockot\/"},{"@type":"ListItem","position":3,"name":"Sz\u00ednek el\u0151\u00e1ll\u00edt\u00e1sa"}]},{"@type":"WebSite","@id":"https:\/\/www.kerrock.hu\/#website","url":"https:\/\/www.kerrock.hu\/","name":"Staging Kerock","description":"B\u00e1rmilyen \u00f6tlete lenne. Mi megval\u00f3s\u00edtjuk.","publisher":{"@id":"https:\/\/www.kerrock.hu\/#organization"},"potentialAction":[{"@type":"SearchAction","target":{"@type":"EntryPoint","urlTemplate":"https:\/\/www.kerrock.hu\/?s={search_term_string}"},"query-input":{"@type":"PropertyValueSpecification","valueRequired":true,"valueName":"search_term_string"}}],"inLanguage":"hu"},{"@type":"Organization","@id":"https:\/\/www.kerrock.hu\/#organization","name":"Kerrock","url":"https:\/\/www.kerrock.hu\/","logo":{"@type":"ImageObject","inLanguage":"hu","@id":"https:\/\/www.kerrock.hu\/#\/schema\/logo\/image\/","url":"https:\/\/www.kerrock.hu\/staging\/wp-content\/uploads\/2021\/01\/facebook_share_image_1200x628_v2_20210106.jpg","contentUrl":"https:\/\/www.kerrock.hu\/staging\/wp-content\/uploads\/2021\/01\/facebook_share_image_1200x628_v2_20210106.jpg","width":1200,"height":628,"caption":"Kerrock"},"image":{"@id":"https:\/\/www.kerrock.hu\/#\/schema\/logo\/image\/"}}]}},"_links":{"self":[{"href":"https:\/\/www.kerrock.hu\/staging\/wp-json\/wp\/v2\/pages\/10539","targetHints":{"allow":["GET"]}}],"collection":[{"href":"https:\/\/www.kerrock.hu\/staging\/wp-json\/wp\/v2\/pages"}],"about":[{"href":"https:\/\/www.kerrock.hu\/staging\/wp-json\/wp\/v2\/types\/page"}],"author":[{"embeddable":true,"href":"https:\/\/www.kerrock.hu\/staging\/wp-json\/wp\/v2\/users\/5"}],"replies":[{"embeddable":true,"href":"https:\/\/www.kerrock.hu\/staging\/wp-json\/wp\/v2\/comments?post=10539"}],"version-history":[{"count":3,"href":"https:\/\/www.kerrock.hu\/staging\/wp-json\/wp\/v2\/pages\/10539\/revisions"}],"predecessor-version":[{"id":112967,"href":"https:\/\/www.kerrock.hu\/staging\/wp-json\/wp\/v2\/pages\/10539\/revisions\/112967"}],"up":[{"embeddable":true,"href":"https:\/\/www.kerrock.hu\/staging\/wp-json\/wp\/v2\/pages\/10271"}],"wp:featuredmedia":[{"embeddable":true,"href":"https:\/\/www.kerrock.hu\/staging\/wp-json\/wp\/v2\/media\/80560"}],"wp:attachment":[{"href":"https:\/\/www.kerrock.hu\/staging\/wp-json\/wp\/v2\/media?parent=10539"}],"curies":[{"name":"wp","href":"https:\/\/api.w.org\/{rel}","templated":true}]}}